{"id":4639,"date":"2022-06-16T17:55:54","date_gmt":"2022-06-16T15:55:54","guid":{"rendered":"http:\/\/industrial-automation.biz\/?page_id=4639"},"modified":"2022-10-03T11:58:42","modified_gmt":"2022-10-03T09:58:42","slug":"grain-bin-sensor-cables","status":"publish","type":"page","link":"http:\/\/ergson.com\/de\/grain-management\/grain-bin-sensor-cables\/","title":{"rendered":"Sensorkabel und Zubeh\u00f6r"},"content":{"rendered":"<div data-elementor-type=\"wp-page\" data-elementor-id=\"4639\" class=\"elementor elementor-4639\">\n\t\t\t\t\t\t<section class=\"elementor-section elementor-top-section elementor-element elementor-element-d5edf4e elementor-section-height-min-height elementor-section-boxed elementor-section-height-default elementor-section-items-middle\" data-id=\"d5edf4e\" data-element_type=\"section\" data-e-type=\"section\" data-settings=\"{&quot;background_background&quot;:&quot;classic&quot;}\">\n\t\t\t\t\t\t\t<div class=\"elementor-background-overlay\"><\/div>\n\t\t\t\t\t\t\t<div class=\"elementor-container elementor-column-gap-no\">\n\t\t\t\t\t<div class=\"elementor-column elementor-col-100 elementor-top-column elementor-element elementor-element-96475f2\" data-id=\"96475f2\" data-element_type=\"column\" data-e-type=\"column\" data-settings=\"{&quot;background_background&quot;:&quot;classic&quot;}\">\n\t\t\t<div class=\"elementor-widget-wrap elementor-element-populated\">\n\t\t\t\t\t\t<div class=\"elementor-element elementor-element-0901449 elementor-widget elementor-widget-heading\" data-id=\"0901449\" data-element_type=\"widget\" data-e-type=\"widget\" data-widget_type=\"heading.default\">\n\t\t\t\t<div class=\"elementor-widget-container\">\n\t\t\t\t\t<h1 class=\"elementor-heading-title elementor-size-default\">Sensorkabel und Zubeh\u00f6r<\/h1>\t\t\t\t<\/div>\n\t\t\t\t<\/div>\n\t\t\t\t\t<\/div>\n\t\t<\/div>\n\t\t\t\t\t<\/div>\n\t\t<\/section>\n\t\t\t\t<section class=\"elementor-section elementor-top-section elementor-element elementor-element-f1cc8f0 elementor-section-content-middle elementor-section-boxed elementor-section-height-default elementor-section-height-default\" data-id=\"f1cc8f0\" data-element_type=\"section\" data-e-type=\"section\">\n\t\t\t\t\t\t<div class=\"elementor-container elementor-column-gap-no\">\n\t\t\t\t\t<div class=\"elementor-column elementor-col-50 elementor-top-column elementor-element elementor-element-7b4d0c1\" data-id=\"7b4d0c1\" data-element_type=\"column\" data-e-type=\"column\">\n\t\t\t<div class=\"elementor-widget-wrap elementor-element-populated\">\n\t\t\t\t\t\t<div class=\"elementor-element elementor-element-8d85b80 elementor-widget elementor-widget-heading\" data-id=\"8d85b80\" data-element_type=\"widget\" data-e-type=\"widget\" data-widget_type=\"heading.default\">\n\t\t\t\t<div class=\"elementor-widget-container\">\n\t\t\t\t\t<h2 class=\"elementor-heading-title elementor-size-default\">Sensorkabel<\/h2>\t\t\t\t<\/div>\n\t\t\t\t<\/div>\n\t\t\t\t<div class=\"elementor-element elementor-element-7072630 elementor-widget-divider--view-line elementor-widget elementor-widget-divider\" data-id=\"7072630\" data-element_type=\"widget\" data-e-type=\"widget\" data-widget_type=\"divider.default\">\n\t\t\t\t<div class=\"elementor-widget-container\">\n\t\t\t\t\t\t\t<div class=\"elementor-divider\">\n\t\t\t<span class=\"elementor-divider-separator\">\n\t\t\t\t\t\t<\/span>\n\t\t<\/div>\n\t\t\t\t\t\t<\/div>\n\t\t\t\t<\/div>\n\t\t\t\t<div class=\"elementor-element elementor-element-a68282b elementor-widget elementor-widget-heading\" data-id=\"a68282b\" data-element_type=\"widget\" data-e-type=\"widget\" data-widget_type=\"heading.default\">\n\t\t\t\t<div class=\"elementor-widget-container\">\n\t\t\t\t\t<h4 class=\"elementor-heading-title elementor-size-default\">Die Temperatur- und Feuchtesensorkabel von Ergson sind f\u00fcr die genaue und zuverl\u00e4ssige Messung ausgelegt.<\/h4>\t\t\t\t<\/div>\n\t\t\t\t<\/div>\n\t\t\t\t<div class=\"elementor-element elementor-element-42c5ab2 elementor-widget elementor-widget-text-editor\" data-id=\"42c5ab2\" data-element_type=\"widget\" data-e-type=\"widget\" data-widget_type=\"text-editor.default\">\n\t\t\t\t<div class=\"elementor-widget-container\">\n\t\t\t\t\t\t\t\t\t<p class=\"translation-block\">Um die Qualit\u00e4t des Getreides w\u00e4hrend der Lagerung zu erhalten, m\u00fcssen die Bedingungen im Getreidespeicher ideal sein. Vorwarnsysteme, die mit elektronischen und mechanischen Komponenten ausgestattet sind, tragen dazu bei, die Qualit\u00e4t des Getreides w\u00e4hrend der Lagerung in den Getreidesilos hoch zu halten. Verderb, Bruch und Schrumpfung der K\u00f6rner k\u00f6nnen vermieden werden.<\/p>\n<p class=\"translation-block\">Das Ergson <a href=\"https:\/\/ergson.com\/de\/grain-management\/grain-bin-monitoring-systems\/\" target=\"_self\">Temperatur- und Feuchtigkeits\u00fcberwachungssystem<\/a> besteht aus Sensorkabeln und <a href=\"https:\/\/ergson.com\/de\/grain-management\/electronic-units\/\" target=\"_self\"> elektronischen Ger\u00e4ten<\/a>, die die Lagerbedingungen im Getreidespeicher messen. Die Temperatur- und Feuchtesensorkabel werden von der Dachspitze abgeh\u00e4ngt und sind gleichm\u00e4\u00dfig im Lager verteilt. Die Kabell\u00f6sung erm\u00f6glicht die Messung von Temperatur- und Feuchtewerten in verschiedenen H\u00f6hen der gelagerten Getreidesch\u00fcttung.<\/p>\n<p>Die hochpr\u00e4zisen Sensoren sind in gleichm\u00e4\u00dfigen Abst\u00e4nden entlang des Kabels verteilt. Der Abstand zwischen den Sensoren kann ein Standardabstand sein oder individuell an Ihre Bed\u00fcrfnisse angepasst werden. Die Sensoren sind durch ein \u00e4u\u00dferes Schutzrohr gesch\u00fctzt. Sie werden in verschiedenen L\u00e4ngen gebaut, um sie an die jeweilige Siloh\u00f6he anzupassen. Die Sensoren werden einzeln nach ihren Daten abgefragt.\u00a0&nbsp;<\/p>\t\t\t\t\t\t\t\t<\/div>\n\t\t\t\t<\/div>\n\t\t\t\t\t<\/div>\n\t\t<\/div>\n\t\t\t\t<div class=\"elementor-column elementor-col-50 elementor-top-column elementor-element elementor-element-edf6b19\" data-id=\"edf6b19\" data-element_type=\"column\" data-e-type=\"column\">\n\t\t\t<div class=\"elementor-widget-wrap elementor-element-populated\">\n\t\t\t\t\t\t<div class=\"elementor-element elementor-element-758ba78 elementor-widget elementor-widget-image\" data-id=\"758ba78\" data-element_type=\"widget\" data-e-type=\"widget\" data-widget_type=\"image.default\">\n\t\t\t\t<div class=\"elementor-widget-container\">\n\t\t\t\t\t\t\t\t\t\t\t\t\t\t\t<img fetchpriority=\"high\" decoding=\"async\" width=\"950\" height=\"512\" src=\"https:\/\/ergson.com\/wp-content\/uploads\/2022\/06\/temperature-cable-structure-a.jpg\" class=\"attachment-large size-large wp-image-4854\" alt=\"grain bin sensor cables\" srcset=\"https:\/\/ergson.com\/wp-content\/uploads\/2022\/06\/temperature-cable-structure-a.jpg 950w, https:\/\/ergson.com\/wp-content\/uploads\/2022\/06\/temperature-cable-structure-a-300x162.jpg 300w, https:\/\/ergson.com\/wp-content\/uploads\/2022\/06\/temperature-cable-structure-a-768x414.jpg 768w, https:\/\/ergson.com\/wp-content\/uploads\/2022\/06\/temperature-cable-structure-a-18x10.jpg 18w\" sizes=\"(max-width: 950px) 100vw, 950px\" \/>\t\t\t\t\t\t\t\t\t\t\t\t\t\t\t<\/div>\n\t\t\t\t<\/div>\n\t\t\t\t\t<\/div>\n\t\t<\/div>\n\t\t\t\t\t<\/div>\n\t\t<\/section>\n\t\t\t\t<section class=\"elementor-section elementor-top-section elementor-element elementor-element-765efce elementor-section-content-middle elementor-section-boxed elementor-section-height-default elementor-section-height-default\" data-id=\"765efce\" data-element_type=\"section\" data-e-type=\"section\">\n\t\t\t\t\t\t<div class=\"elementor-container elementor-column-gap-no\">\n\t\t\t\t\t<div class=\"elementor-column elementor-col-50 elementor-top-column elementor-element elementor-element-51857d7\" data-id=\"51857d7\" data-element_type=\"column\" data-e-type=\"column\">\n\t\t\t<div class=\"elementor-widget-wrap elementor-element-populated\">\n\t\t\t\t\t\t<div class=\"elementor-element elementor-element-c63ce5c elementor-widget elementor-widget-heading\" data-id=\"c63ce5c\" data-element_type=\"widget\" data-e-type=\"widget\" data-widget_type=\"heading.default\">\n\t\t\t\t<div class=\"elementor-widget-container\">\n\t\t\t\t\t<h2 class=\"elementor-heading-title elementor-size-default\">Temperaturkabel<\/h2>\t\t\t\t<\/div>\n\t\t\t\t<\/div>\n\t\t\t\t<div class=\"elementor-element elementor-element-013f052 elementor-widget-divider--view-line elementor-widget elementor-widget-divider\" data-id=\"013f052\" data-element_type=\"widget\" data-e-type=\"widget\" data-widget_type=\"divider.default\">\n\t\t\t\t<div class=\"elementor-widget-container\">\n\t\t\t\t\t\t\t<div class=\"elementor-divider\">\n\t\t\t<span class=\"elementor-divider-separator\">\n\t\t\t\t\t\t<\/span>\n\t\t<\/div>\n\t\t\t\t\t\t<\/div>\n\t\t\t\t<\/div>\n\t\t\t\t<div class=\"elementor-element elementor-element-26c7d9c elementor-widget elementor-widget-heading\" data-id=\"26c7d9c\" data-element_type=\"widget\" data-e-type=\"widget\" data-widget_type=\"heading.default\">\n\t\t\t\t<div class=\"elementor-widget-container\">\n\t\t\t\t\t<h4 class=\"elementor-heading-title elementor-size-default\">Temperaturmesssystem<\/h4>\t\t\t\t<\/div>\n\t\t\t\t<\/div>\n\t\t\t\t<div class=\"elementor-element elementor-element-331afe2 elementor-widget elementor-widget-text-editor\" data-id=\"331afe2\" data-element_type=\"widget\" data-e-type=\"widget\" data-widget_type=\"text-editor.default\">\n\t\t\t\t<div class=\"elementor-widget-container\">\n\t\t\t\t\t\t\t\t\t<p class=\"translation-block\">Die \u00dcberwachung der Temperatur in den Getreidespeichern ist eine wichtige Kontrollma\u00dfnahme im <a href=\"#grain-management-systems\">Grain Management System<\/a><\/p><p><span class=\"Text\">Wir bieten ein Mehrpunkt-Temperatur\u00fcberwachungssystem mit gleichm\u00e4\u00dfig \u00fcber den Lagerplatz verteilten Sensoren zur fr\u00fchzeitigen W\u00e4rmeerkennung. Das Temperatursensorkabel bestehen aus Temperatursensoren (Sensorkabel) und einem Schutzrohr.<\/span><\/p><p>Die digitalen Temperatursensoren befinden sich an einem zweiadrigem Kabel, das in ein Schutzrohr eingef\u00fchrt wird. Dies macht das Sensorkabel leicht einziehbar.<\/p><p>Das Kabelschutzrohr wird in verschiedenen L\u00e4ngen gefertigt und an die Ma\u00dfe Ihres Silos individuell angepasst. Die Kabel k\u00f6nnen entweder auf dem Dach oder unter dem Dach des Silos montiert werden.<\/p><p>Alle Digitalsensoren liefern hochgenaue Temperaturmesswerte. Jeder Sensor wird einzeln und individuell nach den Messwerten abgefragt. Der Abstand zwischen den Sensoren am Kabel kann entweder ein Standardabstand sein oder individuell an Ihre Installation und nach Ihrem Bedarf angepasst werden.<\/p>\t\t\t\t\t\t\t\t<\/div>\n\t\t\t\t<\/div>\n\t\t\t\t\t<\/div>\n\t\t<\/div>\n\t\t\t\t<div class=\"elementor-column elementor-col-50 elementor-top-column elementor-element elementor-element-bffbdb5\" data-id=\"bffbdb5\" data-element_type=\"column\" data-e-type=\"column\">\n\t\t\t<div class=\"elementor-widget-wrap elementor-element-populated\">\n\t\t\t\t\t\t<div class=\"elementor-element elementor-element-4778d79 elementor-widget elementor-widget-image\" data-id=\"4778d79\" data-element_type=\"widget\" data-e-type=\"widget\" data-widget_type=\"image.default\">\n\t\t\t\t<div class=\"elementor-widget-container\">\n\t\t\t\t\t\t\t\t\t\t\t\t\t\t\t<img decoding=\"async\" width=\"768\" height=\"576\" src=\"https:\/\/ergson.com\/wp-content\/uploads\/2022\/06\/protection-tube-temperature-cable.jpg\" class=\"attachment-medium_large size-medium_large wp-image-4864\" alt=\"temperature sensor cable and protection tube\" srcset=\"https:\/\/ergson.com\/wp-content\/uploads\/2022\/06\/protection-tube-temperature-cable.jpg 768w, https:\/\/ergson.com\/wp-content\/uploads\/2022\/06\/protection-tube-temperature-cable-300x225.jpg 300w, https:\/\/ergson.com\/wp-content\/uploads\/2022\/06\/protection-tube-temperature-cable-16x12.jpg 16w\" sizes=\"(max-width: 768px) 100vw, 768px\" \/>\t\t\t\t\t\t\t\t\t\t\t\t\t\t\t<\/div>\n\t\t\t\t<\/div>\n\t\t\t\t\t<\/div>\n\t\t<\/div>\n\t\t\t\t\t<\/div>\n\t\t<\/section>\n\t\t\t\t<section class=\"elementor-section elementor-top-section elementor-element elementor-element-d538b9e elementor-section-content-middle elementor-section-boxed elementor-section-height-default elementor-section-height-default\" data-id=\"d538b9e\" data-element_type=\"section\" data-e-type=\"section\">\n\t\t\t\t\t\t<div class=\"elementor-container elementor-column-gap-no\">\n\t\t\t\t\t<div class=\"elementor-column elementor-col-50 elementor-top-column elementor-element elementor-element-33286fb\" data-id=\"33286fb\" data-element_type=\"column\" data-e-type=\"column\">\n\t\t\t<div class=\"elementor-widget-wrap elementor-element-populated\">\n\t\t\t\t\t\t<div class=\"elementor-element elementor-element-aa70da9 elementor-widget elementor-widget-heading\" data-id=\"aa70da9\" data-element_type=\"widget\" data-e-type=\"widget\" data-widget_type=\"heading.default\">\n\t\t\t\t<div class=\"elementor-widget-container\">\n\t\t\t\t\t<h2 class=\"elementor-heading-title elementor-size-default\">Temperatur- und Feuchtigkeitskabel<\/h2>\t\t\t\t<\/div>\n\t\t\t\t<\/div>\n\t\t\t\t<div class=\"elementor-element elementor-element-09ffe12 elementor-widget-divider--view-line elementor-widget elementor-widget-divider\" data-id=\"09ffe12\" data-element_type=\"widget\" data-e-type=\"widget\" data-widget_type=\"divider.default\">\n\t\t\t\t<div class=\"elementor-widget-container\">\n\t\t\t\t\t\t\t<div class=\"elementor-divider\">\n\t\t\t<span class=\"elementor-divider-separator\">\n\t\t\t\t\t\t<\/span>\n\t\t<\/div>\n\t\t\t\t\t\t<\/div>\n\t\t\t\t<\/div>\n\t\t\t\t<div class=\"elementor-element elementor-element-a13a2e0 elementor-widget elementor-widget-heading\" data-id=\"a13a2e0\" data-element_type=\"widget\" data-e-type=\"widget\" data-widget_type=\"heading.default\">\n\t\t\t\t<div class=\"elementor-widget-container\">\n\t\t\t\t\t<h4 class=\"elementor-heading-title elementor-size-default\">Temperatur- und Feuchtigkeitsmesssystem<\/h4>\t\t\t\t<\/div>\n\t\t\t\t<\/div>\n\t\t\t\t<div class=\"elementor-element elementor-element-53ff19f elementor-widget elementor-widget-text-editor\" data-id=\"53ff19f\" data-element_type=\"widget\" data-e-type=\"widget\" data-widget_type=\"text-editor.default\">\n\t\t\t\t<div class=\"elementor-widget-container\">\n\t\t\t\t\t\t\t\t\t<p><span class=\"Text_centered\">Die Aufrechterhaltung eines bestimmten Feuchtigkeitsgehalts des Getreides w\u00e4hrend der Lagerung ist wichtig, um F\u00e4ulnis oder Pilzbefall zu verhindern. Die Sensorkabel werden zur Messung von Feuchtigkeiten und Temperaturen im Getreidespeicher verwendet, damit die K\u00f6rner trocken und gesund bleiben. Vorbeugende feuchtigkeitsreduzierende Ma\u00dfnahmen wie Trocknung und Bel\u00fcftung k\u00f6nnen rechtzeitig eingeleitet werden.<\/span><\/p><p><span class=\"Text_centered\">Die Kabel werden am Silodach aufgeh\u00e4ngt und sind in regelm\u00e4\u00dfigen Abst\u00e4nden in der Getreidesch\u00fcttung verteilt.<br \/><\/span><span class=\"Text_centered\"> <br \/>Das Kabel enth\u00e4lt Sensoren die die relative Feuchtigkeit und Temperatur des Getreides an spezifischen Stellen im Silo messen. \nDie Temperatur- und Feuchtigkeitssensoren k\u00f6nnen auch au\u00dferhalb vom Silo, an Ventilatoren oder Bel\u00fcftungsanlagen angebracht werden, um die Umgebungstemperatur und Feuchtigkeit zu messen.<\/span><\/p><p>Das Kabel, welches mit Temperatur- und Feuchtigkeitssensoren ausgestattet ist, kommuniziert in einem seriellen Netzwerk mit zwei Leitungen. Dies erleichtert die Installation der Feuchtigkeitssensoren und die Kombination mit Temperatursensoren im Silo.<\/p><ul><li><span class=\"Text\"><span class=\"Text\">Branchenf\u00fchrende langfristige Stabilit\u00e4t (1,2% relative Luftfeuchte \u00fcber f\u00fcnf Jahre): Reduziert Schwankungen im Langzeiteffekt und tr\u00e4gt zur Maximierung der Getreidetrocknungsleistung bei<\/span><\/span><\/li><li><span class=\"Text\"><span class=\"Text\">Kombiniert Feuchtigkeits- und Temperatursensoren in einem System und erm\u00f6glicht es dem Getreidemanager die Daten von jedem einzelnen Sensor zu ermitteln<\/span><\/span><\/li><li><span class=\"Text\"><span class=\"Text\">Optimierung von Feuchtigkeits- und Temperaturverhalten im Silo<\/span><\/span><\/li><li><span class=\"Text\"><span class=\"Text\">Genauigkeit: \u00b11.7% Relative Luftfeuchtigkeit Messwert (humidity performance) und \u00b10.3\u00b0C Temperaturwert (temperature performance)<\/span><\/span><\/li><li><span class=\"Text\">Hydrophober Filter: Sch\u00fctzt den Sensor vor Verunreinigungen und \u00e4u\u00dferen Einfl\u00fcssen aufgrund von Staub oder \u00fcberm\u00e4\u00dfiger Feuchtigkeit<\/span><\/li><\/ul>\t\t\t\t\t\t\t\t<\/div>\n\t\t\t\t<\/div>\n\t\t\t\t\t<\/div>\n\t\t<\/div>\n\t\t\t\t<div class=\"elementor-column elementor-col-50 elementor-top-column elementor-element elementor-element-f71e8a0\" data-id=\"f71e8a0\" data-element_type=\"column\" data-e-type=\"column\">\n\t\t\t<div class=\"elementor-widget-wrap elementor-element-populated\">\n\t\t\t\t\t\t<div class=\"elementor-element elementor-element-cb87bad elementor-widget elementor-widget-image\" data-id=\"cb87bad\" data-element_type=\"widget\" data-e-type=\"widget\" data-widget_type=\"image.default\">\n\t\t\t\t<div class=\"elementor-widget-container\">\n\t\t\t\t\t\t\t\t\t\t\t\t\t\t\t<img decoding=\"async\" width=\"536\" height=\"1266\" src=\"https:\/\/ergson.com\/wp-content\/uploads\/2022\/06\/humidcable.jpg\" class=\"attachment-medium_large size-medium_large wp-image-4850\" alt=\"moisture sensor cable\" srcset=\"https:\/\/ergson.com\/wp-content\/uploads\/2022\/06\/humidcable.jpg 536w, https:\/\/ergson.com\/wp-content\/uploads\/2022\/06\/humidcable-127x300.jpg 127w, https:\/\/ergson.com\/wp-content\/uploads\/2022\/06\/humidcable-434x1024.jpg 434w, https:\/\/ergson.com\/wp-content\/uploads\/2022\/06\/humidcable-5x12.jpg 5w\" sizes=\"(max-width: 536px) 100vw, 536px\" \/>\t\t\t\t\t\t\t\t\t\t\t\t\t\t\t<\/div>\n\t\t\t\t<\/div>\n\t\t\t\t\t<\/div>\n\t\t<\/div>\n\t\t\t\t\t<\/div>\n\t\t<\/section>\n\t\t\t\t<section class=\"elementor-section elementor-top-section elementor-element elementor-element-3aac2bb elementor-section-content-middle elementor-section-boxed elementor-section-height-default elementor-section-height-default\" data-id=\"3aac2bb\" data-element_type=\"section\" data-e-type=\"section\">\n\t\t\t\t\t\t<div class=\"elementor-container elementor-column-gap-no\">\n\t\t\t\t\t<div class=\"elementor-column elementor-col-50 elementor-top-column elementor-element elementor-element-4468c79\" data-id=\"4468c79\" data-element_type=\"column\" data-e-type=\"column\">\n\t\t\t<div class=\"elementor-widget-wrap elementor-element-populated\">\n\t\t\t\t\t\t<div class=\"elementor-element elementor-element-f094011 elementor-widget elementor-widget-heading\" data-id=\"f094011\" data-element_type=\"widget\" data-e-type=\"widget\" data-widget_type=\"heading.default\">\n\t\t\t\t<div class=\"elementor-widget-container\">\n\t\t\t\t\t<h2 class=\"elementor-heading-title elementor-size-default\">Zubeh\u00f6rteile<\/h2>\t\t\t\t<\/div>\n\t\t\t\t<\/div>\n\t\t\t\t<div class=\"elementor-element elementor-element-c92180f elementor-widget-divider--view-line elementor-widget elementor-widget-divider\" data-id=\"c92180f\" data-element_type=\"widget\" data-e-type=\"widget\" data-widget_type=\"divider.default\">\n\t\t\t\t<div class=\"elementor-widget-container\">\n\t\t\t\t\t\t\t<div class=\"elementor-divider\">\n\t\t\t<span class=\"elementor-divider-separator\">\n\t\t\t\t\t\t<\/span>\n\t\t<\/div>\n\t\t\t\t\t\t<\/div>\n\t\t\t\t<\/div>\n\t\t\t\t<div class=\"elementor-element elementor-element-7ae5208 elementor-widget elementor-widget-heading\" data-id=\"7ae5208\" data-element_type=\"widget\" data-e-type=\"widget\" data-widget_type=\"heading.default\">\n\t\t\t\t<div class=\"elementor-widget-container\">\n\t\t\t\t\t<h4 class=\"elementor-heading-title elementor-size-default\">Anschl\u00fcsse, Spezialkabel, Dachhalterungen<\/h4>\t\t\t\t<\/div>\n\t\t\t\t<\/div>\n\t\t\t\t<div class=\"elementor-element elementor-element-9f4ddc5 elementor-widget elementor-widget-text-editor\" data-id=\"9f4ddc5\" data-element_type=\"widget\" data-e-type=\"widget\" data-widget_type=\"text-editor.default\">\n\t\t\t\t<div class=\"elementor-widget-container\">\n\t\t\t\t\t\t\t\t\t<p><span class=\"Text\">Eine breites Sortiment von Zubeh\u00f6r ist verf\u00fcgbar, um den Servicetechnikern und Ingenieuren eine einfache Montage des Gesamtsystems vor Ort bei der Siloanlage zu erm\u00f6glichen.<\/span><\/p><p>\u2022\u00a0 Spezialkabel<br \/>\u2022\u00a0 Geh\u00e4use und Kabelverbindungskasten<br \/>\u2022\u00a0 Anschl\u00fcsse<br \/>\u2022\u00a0 Kabelk\u00f6pfe f\u00fcr die Montage auf dem Dach<br \/>\u2022\u00a0 Kabelk\u00f6pfe f\u00fcr die Montage zum H\u00e4ngen unter dem Dach<br \/>\u2022\u00a0 Dachhalterungen<br \/>\u2022\u00a0 Flansche<\/p>\t\t\t\t\t\t\t\t<\/div>\n\t\t\t\t<\/div>\n\t\t\t\t\t<\/div>\n\t\t<\/div>\n\t\t\t\t<div class=\"elementor-column elementor-col-50 elementor-top-column elementor-element elementor-element-9a3866f\" data-id=\"9a3866f\" data-element_type=\"column\" data-e-type=\"column\">\n\t\t\t<div class=\"elementor-widget-wrap elementor-element-populated\">\n\t\t\t\t\t\t<div class=\"elementor-element elementor-element-be61b77 elementor-widget elementor-widget-image\" data-id=\"be61b77\" data-element_type=\"widget\" data-e-type=\"widget\" data-widget_type=\"image.default\">\n\t\t\t\t<div class=\"elementor-widget-container\">\n\t\t\t\t\t\t\t\t\t\t\t\t\t\t\t<img loading=\"lazy\" decoding=\"async\" width=\"362\" height=\"261\" src=\"https:\/\/ergson.com\/wp-content\/uploads\/2022\/06\/accessories-products.jpg\" class=\"attachment-medium_large size-medium_large wp-image-4794\" alt=\"temperature and moisture monitoring system equipment\" srcset=\"https:\/\/ergson.com\/wp-content\/uploads\/2022\/06\/accessories-products.jpg 362w, https:\/\/ergson.com\/wp-content\/uploads\/2022\/06\/accessories-products-300x216.jpg 300w, https:\/\/ergson.com\/wp-content\/uploads\/2022\/06\/accessories-products-18x12.jpg 18w\" sizes=\"(max-width: 362px) 100vw, 362px\" \/>\t\t\t\t\t\t\t\t\t\t\t\t\t\t\t<\/div>\n\t\t\t\t<\/div>\n\t\t\t\t\t<\/div>\n\t\t<\/div>\n\t\t\t\t\t<\/div>\n\t\t<\/section>\n\t\t\t\t<\/div>","protected":false},"excerpt":{"rendered":"<p>Sensor Cables and Accessories Grain Bin Sensor Cables Ergson Temperature and Moisture Sensor Cables are designed for accurate and reliable measurements. In order to maintain the grain quality during storage, the conditions inside the grain bin must be kept ideal. Prediction systems which are designed with electronic and mechanical devices, help to keep the grain [&hellip;]<\/p>\n","protected":false},"author":1,"featured_media":0,"parent":4721,"menu_order":0,"comment_status":"closed","ping_status":"closed","template":"","meta":{"site-sidebar-layout":"no-sidebar","site-content-layout":"page-builder","ast-site-content-layout":"default","site-content-style":"default","site-sidebar-style":"default","ast-global-header-display":"","ast-banner-title-visibility":"","ast-main-header-display":"","ast-hfb-above-header-display":"","ast-hfb-below-header-display":"","ast-hfb-mobile-header-display":"","site-post-title":"disabled","ast-breadcrumbs-content":"","ast-featured-img":"disabled","footer-sml-layout":"","ast-disable-related-posts":"","theme-transparent-header-meta":"","adv-header-id-meta":"","stick-header-meta":"","header-above-stick-meta":"","header-main-stick-meta":"","header-below-stick-meta":"","astra-migrate-meta-layouts":"default","ast-page-background-enabled":"default","ast-page-background-meta":{"desktop":{"background-color":"","background-image":"","background-repeat":"repeat","background-position":"center center","background-size":"auto","background-attachment":"scroll","background-type":"","background-media":"","overlay-type":"","overlay-color":"","overlay-opacity":"","overlay-gradient":""},"tablet":{"background-color":"","background-image":"","background-repeat":"repeat","background-position":"center center","background-size":"auto","background-attachment":"scroll","background-type":"","background-media":"","overlay-type":"","overlay-color":"","overlay-opacity":"","overlay-gradient":""},"mobile":{"background-color":"","background-image":"","background-repeat":"repeat","background-position":"center center","background-size":"auto","background-attachment":"scroll","background-type":"","background-media":"","overlay-type":"","overlay-color":"","overlay-opacity":"","overlay-gradient":""}},"ast-content-background-meta":{"desktop":{"background-color":"var(--ast-global-color-5)","background-image":"","background-repeat":"repeat","background-position":"center center","background-size":"auto","background-attachment":"scroll","background-type":"","background-media":"","overlay-type":"","overlay-color":"","overlay-opacity":"","overlay-gradient":""},"tablet":{"background-color":"var(--ast-global-color-5)","background-image":"","background-repeat":"repeat","background-position":"center center","background-size":"auto","background-attachment":"scroll","background-type":"","background-media":"","overlay-type":"","overlay-color":"","overlay-opacity":"","overlay-gradient":""},"mobile":{"background-color":"var(--ast-global-color-5)","background-image":"","background-repeat":"repeat","background-position":"center center","background-size":"auto","background-attachment":"scroll","background-type":"","background-media":"","overlay-type":"","overlay-color":"","overlay-opacity":"","overlay-gradient":""}},"footnotes":""},"class_list":["post-4639","page","type-page","status-publish","hentry"],"_links":{"self":[{"href":"http:\/\/ergson.com\/de\/wp-json\/wp\/v2\/pages\/4639","targetHints":{"allow":["GET"]}}],"collection":[{"href":"http:\/\/ergson.com\/de\/wp-json\/wp\/v2\/pages"}],"about":[{"href":"http:\/\/ergson.com\/de\/wp-json\/wp\/v2\/types\/page"}],"author":[{"embeddable":true,"href":"http:\/\/ergson.com\/de\/wp-json\/wp\/v2\/users\/1"}],"replies":[{"embeddable":true,"href":"http:\/\/ergson.com\/de\/wp-json\/wp\/v2\/comments?post=4639"}],"version-history":[{"count":31,"href":"http:\/\/ergson.com\/de\/wp-json\/wp\/v2\/pages\/4639\/revisions"}],"predecessor-version":[{"id":7497,"href":"http:\/\/ergson.com\/de\/wp-json\/wp\/v2\/pages\/4639\/revisions\/7497"}],"up":[{"embeddable":true,"href":"http:\/\/ergson.com\/de\/wp-json\/wp\/v2\/pages\/4721"}],"wp:attachment":[{"href":"http:\/\/ergson.com\/de\/wp-json\/wp\/v2\/media?parent=4639"}],"curies":[{"name":"wp","href":"https:\/\/api.w.org\/{rel}","templated":true}]}}