{"id":2142,"date":"2021-12-12T14:50:40","date_gmt":"2021-12-12T13:50:40","guid":{"rendered":"http:\/\/industrial-automation.biz\/?page_id=2142"},"modified":"2025-10-29T17:31:05","modified_gmt":"2025-10-29T16:31:05","slug":"weight-indicator","status":"publish","type":"page","link":"https:\/\/ergson.com\/de\/industrial-weighing\/weighing-electronics\/weight-indicator\/","title":{"rendered":"W\u00e4geindikator"},"content":{"rendered":"<div data-elementor-type=\"wp-page\" data-elementor-id=\"2142\" class=\"elementor elementor-2142\">\n\t\t\t\t\t\t<section class=\"elementor-section elementor-top-section elementor-element elementor-element-7sk1ntm elementor-section-height-min-height elementor-section-boxed elementor-section-height-default elementor-section-items-middle\" data-id=\"7sk1ntm\" data-element_type=\"section\" data-e-type=\"section\" data-settings=\"{&quot;background_background&quot;:&quot;classic&quot;}\">\n\t\t\t\t\t\t\t<div class=\"elementor-background-overlay\"><\/div>\n\t\t\t\t\t\t\t<div class=\"elementor-container elementor-column-gap-no\">\n\t\t\t\t\t<div class=\"elementor-column elementor-col-100 elementor-top-column elementor-element elementor-element-42c45cce\" data-id=\"42c45cce\" data-element_type=\"column\" data-e-type=\"column\" data-settings=\"{&quot;background_background&quot;:&quot;classic&quot;}\">\n\t\t\t<div class=\"elementor-widget-wrap elementor-element-populated\">\n\t\t\t\t\t\t<div class=\"elementor-element elementor-element-3f97f4e elementor-widget elementor-widget-heading\" data-id=\"3f97f4e\" data-element_type=\"widget\" data-e-type=\"widget\" data-widget_type=\"heading.default\">\n\t\t\t\t<div class=\"elementor-widget-container\">\n\t\t\t\t\t<h1 class=\"elementor-heading-title elementor-size-default\">W\u00e4geindikator<\/h1>\t\t\t\t<\/div>\n\t\t\t\t<\/div>\n\t\t\t\t\t<\/div>\n\t\t<\/div>\n\t\t\t\t\t<\/div>\n\t\t<\/section>\n\t\t\t\t<section class=\"elementor-section elementor-top-section elementor-element elementor-element-52acd06b elementor-section-content-middle elementor-section-boxed elementor-section-height-default elementor-section-height-default\" data-id=\"52acd06b\" data-element_type=\"section\" data-e-type=\"section\" data-settings=\"{&quot;background_background&quot;:&quot;classic&quot;}\">\n\t\t\t\t\t\t<div class=\"elementor-container elementor-column-gap-no\">\n\t\t\t\t\t<div class=\"elementor-column elementor-col-50 elementor-top-column elementor-element elementor-element-76611a49\" data-id=\"76611a49\" data-element_type=\"column\" data-e-type=\"column\">\n\t\t\t<div class=\"elementor-widget-wrap elementor-element-populated\">\n\t\t\t\t\t\t<div class=\"elementor-element elementor-element-4594b163 elementor-widget elementor-widget-heading\" data-id=\"4594b163\" data-element_type=\"widget\" data-e-type=\"widget\" data-widget_type=\"heading.default\">\n\t\t\t\t<div class=\"elementor-widget-container\">\n\t\t\t\t\t<h2 class=\"elementor-heading-title elementor-size-default\">ORCA700 - Scale Indicator<\/h2>\t\t\t\t<\/div>\n\t\t\t\t<\/div>\n\t\t\t\t<div class=\"elementor-element elementor-element-6391d999 elementor-widget-divider--view-line elementor-widget elementor-widget-divider\" data-id=\"6391d999\" data-element_type=\"widget\" data-e-type=\"widget\" data-widget_type=\"divider.default\">\n\t\t\t\t<div class=\"elementor-widget-container\">\n\t\t\t\t\t\t\t<div class=\"elementor-divider\">\n\t\t\t<span class=\"elementor-divider-separator\">\n\t\t\t\t\t\t<\/span>\n\t\t<\/div>\n\t\t\t\t\t\t<\/div>\n\t\t\t\t<\/div>\n\t\t\t\t<div class=\"elementor-element elementor-element-687fde8d elementor-widget elementor-widget-heading\" data-id=\"687fde8d\" data-element_type=\"widget\" data-e-type=\"widget\" data-widget_type=\"heading.default\">\n\t\t\t\t<div class=\"elementor-widget-container\">\n\t\t\t\t\t<h4 class=\"elementor-heading-title elementor-size-default\">Beh\u00e4lterwaagen, Silowaagen, Fahrzeugwaagen, Kontrollwaagen &amp; mehr <\/h4>\t\t\t\t<\/div>\n\t\t\t\t<\/div>\n\t\t\t\t<div class=\"elementor-element elementor-element-134b8fb7 elementor-widget elementor-widget-text-editor\" data-id=\"134b8fb7\" data-element_type=\"widget\" data-e-type=\"widget\" data-widget_type=\"text-editor.default\">\n\t\t\t\t<div class=\"elementor-widget-container\">\n\t\t\t\t\t\t\t\t\t<p><span style=\"color: #696969; font-family: Arial; line-height: 12px;\"><span class=\"Body Text\">ORCA700 von Ergson GmbH ist ein Digitalisierger\u00e4t f\u00fcr W\u00e4gezellen, das mit einem mehrkanaligen, hochgenauen ADC ausgestattet ist. Eingebettete Steuerfunktionen, Ein- und Ausg\u00e4nge machen ihn zu einem perfekten Indikator f\u00fcr eine Vielzahl von W\u00e4geanwendungen. <\/span><\/span><\/p><h5 class=\"translation-block\">Ergson's W\u00e4geindikator ist ideal geeignet f\u00fcr einfache bis komplexe Industriewaagen, wie z.B.:<\/h5><ul><li><a href=\"http:\/\/www.grainmanagement.com\" target=\"_blank\" rel=\"noopener\"><span style=\"font-size: 16px; color: #696969; font-family: Arial;\">Silowaagen<\/span><\/a><\/li><li><span style=\"font-size: 16px; color: #696969; font-family: Arial;\">Beh\u00e4lterwaagen<\/span><\/li><li><span style=\"font-size: 16px; color: #696969; font-family: Arial;\">Fahrzeugwaagen<\/span><\/li><li><span style=\"font-size: 16px; color: #696969; font-family: Arial;\">Plattformwaagen<\/span><\/li><li><span style=\"font-size: 16px; color: #696969; font-family: Arial;\">Kontrollwaagen<\/span><\/li><li><span style=\"font-size: 16px; color: #696969; font-family: Arial;\">Rezeptur- und Dosierwaagen<\/span><\/li><\/ul><p><span style=\"font-size: 16px; color: #696969; font-family: Arial;\">Wir bieten unseren Ergson W\u00e4geindikator Orca700 f\u00fcr den Schaltschrankeinbau, f\u00fcr die Wandmontage oder als Tischversion an.<\/span><\/p><p><span style=\"color: #696969; font-family: Arial; font-style: inherit; font-weight: inherit; background-color: var( --e-global-color-astglobalcolor4 );\">Der W\u00e4geindikator ist mit den internationalen Normen konform.<\/span><\/p>\t\t\t\t\t\t\t\t<\/div>\n\t\t\t\t<\/div>\n\t\t\t\t<div class=\"elementor-element elementor-element-61a16f91 elementor-widget-divider--view-line elementor-widget elementor-widget-divider\" data-id=\"61a16f91\" data-element_type=\"widget\" data-e-type=\"widget\" data-widget_type=\"divider.default\">\n\t\t\t\t<div class=\"elementor-widget-container\">\n\t\t\t\t\t\t\t<div class=\"elementor-divider\">\n\t\t\t<span class=\"elementor-divider-separator\">\n\t\t\t\t\t\t<\/span>\n\t\t<\/div>\n\t\t\t\t\t\t<\/div>\n\t\t\t\t<\/div>\n\t\t\t\t\t<\/div>\n\t\t<\/div>\n\t\t\t\t<div class=\"elementor-column elementor-col-50 elementor-top-column elementor-element elementor-element-757f77ea\" data-id=\"757f77ea\" data-element_type=\"column\" data-e-type=\"column\">\n\t\t\t<div class=\"elementor-widget-wrap elementor-element-populated\">\n\t\t\t\t\t\t<div class=\"elementor-element elementor-element-75f7f9db elementor-arrows-position-outside elementor-pagination-position-outside elementor-widget elementor-widget-image-carousel\" data-id=\"75f7f9db\" data-element_type=\"widget\" data-e-type=\"widget\" data-settings=\"{&quot;slides_to_show&quot;:&quot;1&quot;,&quot;navigation&quot;:&quot;both&quot;,&quot;autoplay&quot;:&quot;yes&quot;,&quot;pause_on_hover&quot;:&quot;yes&quot;,&quot;pause_on_interaction&quot;:&quot;yes&quot;,&quot;autoplay_speed&quot;:5000,&quot;infinite&quot;:&quot;yes&quot;,&quot;effect&quot;:&quot;slide&quot;,&quot;speed&quot;:500}\" data-widget_type=\"image-carousel.default\">\n\t\t\t\t<div class=\"elementor-widget-container\">\n\t\t\t\t\t\t\t<div class=\"elementor-image-carousel-wrapper swiper\" role=\"region\" aria-roledescription=\"carousel\" aria-label=\"Bild Karussell\" dir=\"ltr\">\n\t\t\t<div class=\"elementor-image-carousel swiper-wrapper\" aria-live=\"off\">\n\t\t\t\t\t\t\t\t<div class=\"swiper-slide\" role=\"group\" aria-roledescription=\"slide\" aria-label=\"1 of 2\"><figure class=\"swiper-slide-inner\"><img decoding=\"async\" class=\"swiper-slide-image\" src=\"https:\/\/ergson.com\/wp-content\/uploads\/2022\/06\/orca700-digital-weight-indicator-product-ergson-3-768x519.png\" alt=\"Weighing electronics, indicator Ergson GmbH\" \/><\/figure><\/div><div class=\"swiper-slide\" role=\"group\" aria-roledescription=\"slide\" aria-label=\"2 of 2\"><figure class=\"swiper-slide-inner\"><img decoding=\"async\" class=\"swiper-slide-image\" src=\"https:\/\/ergson.com\/wp-content\/uploads\/2022\/06\/orca700-indicator-display-ergson-3.jpg\" alt=\"Orca700 by Ergson GmbH weight indicator display\" \/><\/figure><\/div>\t\t\t<\/div>\n\t\t\t\t\t\t\t\t\t\t\t\t<div class=\"elementor-swiper-button elementor-swiper-button-prev\" role=\"button\" tabindex=\"0\">\n\t\t\t\t\t\t<i aria-hidden=\"true\" class=\"eicon-chevron-left\"><\/i>\t\t\t\t\t<\/div>\n\t\t\t\t\t<div class=\"elementor-swiper-button elementor-swiper-button-next\" role=\"button\" tabindex=\"0\">\n\t\t\t\t\t\t<i aria-hidden=\"true\" class=\"eicon-chevron-right\"><\/i>\t\t\t\t\t<\/div>\n\t\t\t\t\n\t\t\t\t\t\t\t\t\t<div class=\"swiper-pagination\"><\/div>\n\t\t\t\t\t\t\t\t\t<\/div>\n\t\t\t\t\t\t<\/div>\n\t\t\t\t<\/div>\n\t\t\t\t\t<\/div>\n\t\t<\/div>\n\t\t\t\t\t<\/div>\n\t\t<\/section>\n\t\t\t\t<section class=\"elementor-section elementor-top-section elementor-element elementor-element-5278a49b elementor-reverse-mobile elementor-section-boxed elementor-section-height-default elementor-section-height-default\" data-id=\"5278a49b\" data-element_type=\"section\" data-e-type=\"section\">\n\t\t\t\t\t\t<div class=\"elementor-container elementor-column-gap-default\">\n\t\t\t\t\t<div class=\"elementor-column elementor-col-100 elementor-top-column elementor-element elementor-element-625874d0\" data-id=\"625874d0\" data-element_type=\"column\" data-e-type=\"column\">\n\t\t\t<div class=\"elementor-widget-wrap elementor-element-populated\">\n\t\t\t\t\t\t<div class=\"elementor-element elementor-element-6baaa7d5 elementor-tabs-view-horizontal elementor-widget elementor-widget-tabs\" data-id=\"6baaa7d5\" data-element_type=\"widget\" data-e-type=\"widget\" data-widget_type=\"tabs.default\">\n\t\t\t\t<div class=\"elementor-widget-container\">\n\t\t\t\t\t\t\t<div class=\"elementor-tabs\">\n\t\t\t<div class=\"elementor-tabs-wrapper\" role=\"tablist\" >\n\t\t\t\t\t\t\t\t\t<div id=\"elementor-tab-title-1801\" class=\"elementor-tab-title elementor-tab-desktop-title\" aria-selected=\"true\" data-tab=\"1\" role=\"tab\" tabindex=\"0\" aria-controls=\"elementor-tab-content-1801\" aria-expanded=\"false\">Spezifikationen<\/div>\n\t\t\t\t\t\t\t\t\t<div id=\"elementor-tab-title-1802\" class=\"elementor-tab-title elementor-tab-desktop-title\" aria-selected=\"false\" data-tab=\"2\" role=\"tab\" tabindex=\"-1\" aria-controls=\"elementor-tab-content-1802\" aria-expanded=\"false\">W\u00e4geanwendungen<\/div>\n\t\t\t\t\t\t\t\t\t<div id=\"elementor-tab-title-1803\" class=\"elementor-tab-title elementor-tab-desktop-title\" aria-selected=\"false\" data-tab=\"3\" role=\"tab\" tabindex=\"-1\" aria-controls=\"elementor-tab-content-1803\" aria-expanded=\"false\">Datenblatt Download<\/div>\n\t\t\t\t\t\t\t<\/div>\n\t\t\t<div class=\"elementor-tabs-content-wrapper\" role=\"tablist\" aria-orientation=\"vertical\">\n\t\t\t\t\t\t\t\t\t<div class=\"elementor-tab-title elementor-tab-mobile-title\" aria-selected=\"true\" data-tab=\"1\" role=\"tab\" tabindex=\"0\" aria-controls=\"elementor-tab-content-1801\" aria-expanded=\"false\">Spezifikationen<\/div>\n\t\t\t\t\t<div id=\"elementor-tab-content-1801\" class=\"elementor-tab-content elementor-clearfix\" data-tab=\"1\" role=\"tabpanel\" aria-labelledby=\"elementor-tab-title-1801\" tabindex=\"0\" hidden=\"false\"><ul>\n \t<li>Edelstahlgeh\u00e4use<\/li>\n \t<li>Benutzerfreundlich, einfache Anwendung und leicht verst\u00e4ndliche Men\u00fcstruktur<\/li>\n \t<li>Digitale Kalibrierung<\/li>\n \t<li>Automatischer Nullabgleich<\/li>\n \t<li>Digitalfilter, Filter f\u00fcr Sto\u00dfbelastungen<\/li>\n \t<li>Stillstandsbereich und Stillstandswartezeit und Tara<\/li>\n \t<li>Frei programmierbare optoisolierte 8 Eing\u00e4nge\/8 Ausg\u00e4nge<\/li>\n \t<li>Kommunikationsparameter (Port Auswahl, Baudrate, Schnittstellen)<\/li>\n \t<li>Druckereinstellungen (Ticketdesign, Drucksprache)<\/li>\n \t<li>ETC Echtzeituhr mit einer Batterie<\/li>\n \t<li>Datum\/Uhrzeit<\/li>\n \t<li>Speicherung von Kalibrationsdaten und Einstellungen, Werkseinstellungen<\/li>\n \t<li>105.000 W\u00e4geaufzeichnungen (jeder Dateneintrag enth\u00e4lt die Seriennummer, Brutto, Netto und Tara)<\/li>\n \t<li>Automatischer Ticketnummernspeicher<\/li>\n \t<li>Protokollierung: Detaillierte W\u00e4geprotokolle<\/li>\n \t<li>6-stellige LED-Anzeige<\/li>\n \t<li>Null-, Stillstands-, Tara-, Brutto-, Netto-, St\u00fcck-, Pfund- und Kilogrammanzeige<\/li>\n \t<li>Display x10 , 0.8\u00b5V\/e<\/li>\n \t<li>Anzeige der internen Z\u00e4hlwerte und des Kalibrierungswerts<\/li>\n \t<li>Alibispeicher (2Mb) mit 105.000 Datens\u00e4tzen<\/li>\n \t<li>Flexible Anschlussm\u00f6glichkeiten: 2 x RS232-Port, 1 x RS485-Port (Vollduplex w\u00e4hlbar)<\/li>\n \t<li>0-10V, 0-20 mA, 4-20mA Analogausgang<\/li>\n \t<li>Richtlinie: 2014\/31\/EU, Benannte Stelle: 0199 Delta Danish Electronics<\/li>\n \t<li>ADC Linearit\u00e4tsabweichung 0.0007 % FSD<\/li>\n \t<li>Zugelassene Eichklasse (n): 10000 d f\u00fcr Klasse III , Einzelintervall, Multi-Range, Multi-Interval<\/li>\n \t<li>Divisionen f\u00fcr Klasse III, Einzelintervall, Multi-Range, Multi-Intervall<\/li>\n \t<li>Display-Aufl\u00f6sung: 50.000 d (nicht zugelassen)<\/li>\n \t<li>Softwaregesteuerte Kalibrierung<\/li>\n \t<li>A\/D-Typ 24-Bit-Delta-Sigma (16.000.000 interne Aufl\u00f6sung)<\/li>\n \t<li>A\/D-Wandler maximale Geschwindigkeit von 3200 Werte pro Sekunde<\/li>\n \t<li>W\u00e4gezellenanschluss 4 oder 6 Kabael. 8 W\u00e4gezellen mit 350 Ohm<\/li>\n \t<li>W\u00e4gezellenspeisespannung 5V DC<\/li>\n \t<li>Signalbereich 0,1 mV\/V - 3mV\/V<\/li>\n \t<li>Filter einstellbar von 6,25 Hz bis 100 Hz<\/li>\n \t<li>Tara Subtraktive (-max)<\/li>\n \t<li>Null 20% von Max<\/li>\n \t<li>Anzeigeschritte 1, 2, 5, 10, 20, 50, 100, 200, 500<\/li>\n<\/ul><\/div>\n\t\t\t\t\t\t\t\t\t<div class=\"elementor-tab-title elementor-tab-mobile-title\" aria-selected=\"false\" data-tab=\"2\" role=\"tab\" tabindex=\"-1\" aria-controls=\"elementor-tab-content-1802\" aria-expanded=\"false\">W\u00e4geanwendungen<\/div>\n\t\t\t\t\t<div id=\"elementor-tab-content-1802\" class=\"elementor-tab-content elementor-clearfix\" data-tab=\"2\" role=\"tabpanel\" aria-labelledby=\"elementor-tab-title-1802\" tabindex=\"0\" hidden=\"hidden\"><h5><strong>Beispiele f\u00fcr industrielle W\u00e4geanwendungen f\u00fcr Ergson W\u00e4geindikator ORCA700<\/strong><\/h5><p>Der Allround-W\u00e4geindikator Orca700 von Ergson ist f\u00fcr eine Vielzahl von W\u00e4geaufgaben bestens geeignet. Beispiele f\u00fcr industrielle Anwendungen sind Fahrzeugwaagen, Kontrollwaagen, Plattformwaagen, Silowaagen, Beh\u00e4lterwaagen f\u00fcr den Ein- und Ausgang von Sch\u00fcttg\u00fctern und Dosierwaagen.<\/p><p><img fetchpriority=\"high\" decoding=\"async\" class=\"alignnone size-full wp-image-4138\" src=\"http:\/\/industrial-automation.biz\/wp-content\/uploads\/2022\/06\/orca700-industrial-weighing-ergson-2.jpg\" alt=\"\" width=\"858\" height=\"1024\" srcset=\"https:\/\/ergson.com\/wp-content\/uploads\/2022\/06\/orca700-industrial-weighing-ergson-2.jpg 858w, https:\/\/ergson.com\/wp-content\/uploads\/2022\/06\/orca700-industrial-weighing-ergson-2-251x300.jpg 251w, https:\/\/ergson.com\/wp-content\/uploads\/2022\/06\/orca700-industrial-weighing-ergson-2-768x917.jpg 768w\" sizes=\"(max-width: 858px) 100vw, 858px\" \/><\/p><\/div>\n\t\t\t\t\t\t\t\t\t<div class=\"elementor-tab-title elementor-tab-mobile-title\" aria-selected=\"false\" data-tab=\"3\" role=\"tab\" tabindex=\"-1\" aria-controls=\"elementor-tab-content-1803\" aria-expanded=\"false\">Datenblatt Download<\/div>\n\t\t\t\t\t<div id=\"elementor-tab-content-1803\" class=\"elementor-tab-content elementor-clearfix\" data-tab=\"3\" role=\"tabpanel\" aria-labelledby=\"elementor-tab-title-1803\" tabindex=\"0\" hidden=\"hidden\"><p><a href=\"https:\/\/ergson.com\/wp-content\/uploads\/2022\/07\/digital-weight-indicator-orca700-datasheet-ergson.pdf\" target=\"_blank\" rel=\"noopener\"><img decoding=\"async\" class=\"wp-image-2595\" src=\"https:\/\/ergson.com\/wp-content\/uploads\/2021\/12\/PDF_Icon.jpg\" alt=\"PDF Icon\" width=\"30\" height=\"35\" \/> Weight Indicator Orca700 Ergson Datasheet<\/a><\/p><\/div>\n\t\t\t\t\t\t\t<\/div>\n\t\t<\/div>\n\t\t\t\t\t\t<\/div>\n\t\t\t\t<\/div>\n\t\t\t\t<div class=\"elementor-element elementor-element-6eb4b43e elementor-widget elementor-widget-spacer\" data-id=\"6eb4b43e\" data-element_type=\"widget\" data-e-type=\"widget\" data-widget_type=\"spacer.default\">\n\t\t\t\t<div class=\"elementor-widget-container\">\n\t\t\t\t\t\t\t<div class=\"elementor-spacer\">\n\t\t\t<div class=\"elementor-spacer-inner\"><\/div>\n\t\t<\/div>\n\t\t\t\t\t\t<\/div>\n\t\t\t\t<\/div>\n\t\t\t\t\t<\/div>\n\t\t<\/div>\n\t\t\t\t\t<\/div>\n\t\t<\/section>\n\t\t\t\t<\/div>","protected":false},"excerpt":{"rendered":"<p>Weight Indicator ORCA700 &#8211; Scale Indicator Hopper Scales, Silo Scales, Truck Scales, Check Scales &amp; more ORCA700 by Ergson is a load cell digitizer designed with multi-channel ultra high accurate ADC. Embedded control functions, inputs and outputs make it a perfect device for a diverse set of weighing applications. Ergson&#8217;s digital weight indicator is ideally [&hellip;]<\/p>\n","protected":false},"author":1,"featured_media":0,"parent":2141,"menu_order":1,"comment_status":"closed","ping_status":"closed","template":"","meta":{"site-sidebar-layout":"no-sidebar","site-content-layout":"page-builder","ast-site-content-layout":"default","site-content-style":"default","site-sidebar-style":"default","ast-global-header-display":"","ast-banner-title-visibility":"","ast-main-header-display":"","ast-hfb-above-header-display":"","ast-hfb-below-header-display":"","ast-hfb-mobile-header-display":"","site-post-title":"disabled","ast-breadcrumbs-content":"","ast-featured-img":"disabled","footer-sml-layout":"","ast-disable-related-posts":"","theme-transparent-header-meta":"","adv-header-id-meta":"","stick-header-meta":"","header-above-stick-meta":"","header-main-stick-meta":"","header-below-stick-meta":"","astra-migrate-meta-layouts":"default","ast-page-background-enabled":"default","ast-page-background-meta":{"desktop":{"background-color":"","background-image":"","background-repeat":"repeat","background-position":"center center","background-size":"auto","background-attachment":"scroll","background-type":"","background-media":"","overlay-type":"","overlay-color":"","overlay-opacity":"","overlay-gradient":""},"tablet":{"background-color":"","background-image":"","background-repeat":"repeat","background-position":"center center","background-size":"auto","background-attachment":"scroll","background-type":"","background-media":"","overlay-type":"","overlay-color":"","overlay-opacity":"","overlay-gradient":""},"mobile":{"background-color":"","background-image":"","background-repeat":"repeat","background-position":"center center","background-size":"auto","background-attachment":"scroll","background-type":"","background-media":"","overlay-type":"","overlay-color":"","overlay-opacity":"","overlay-gradient":""}},"ast-content-background-meta":{"desktop":{"background-color":"var(--ast-global-color-5)","background-image":"","background-repeat":"repeat","background-position":"center center","background-size":"auto","background-attachment":"scroll","background-type":"","background-media":"","overlay-type":"","overlay-color":"","overlay-opacity":"","overlay-gradient":""},"tablet":{"background-color":"var(--ast-global-color-5)","background-image":"","background-repeat":"repeat","background-position":"center center","background-size":"auto","background-attachment":"scroll","background-type":"","background-media":"","overlay-type":"","overlay-color":"","overlay-opacity":"","overlay-gradient":""},"mobile":{"background-color":"var(--ast-global-color-5)","background-image":"","background-repeat":"repeat","background-position":"center center","background-size":"auto","background-attachment":"scroll","background-type":"","background-media":"","overlay-type":"","overlay-color":"","overlay-opacity":"","overlay-gradient":""}},"footnotes":""},"class_list":["post-2142","page","type-page","status-publish","hentry"],"_links":{"self":[{"href":"https:\/\/ergson.com\/de\/wp-json\/wp\/v2\/pages\/2142","targetHints":{"allow":["GET"]}}],"collection":[{"href":"https:\/\/ergson.com\/de\/wp-json\/wp\/v2\/pages"}],"about":[{"href":"https:\/\/ergson.com\/de\/wp-json\/wp\/v2\/types\/page"}],"author":[{"embeddable":true,"href":"https:\/\/ergson.com\/de\/wp-json\/wp\/v2\/users\/1"}],"replies":[{"embeddable":true,"href":"https:\/\/ergson.com\/de\/wp-json\/wp\/v2\/comments?post=2142"}],"version-history":[{"count":11,"href":"https:\/\/ergson.com\/de\/wp-json\/wp\/v2\/pages\/2142\/revisions"}],"predecessor-version":[{"id":7653,"href":"https:\/\/ergson.com\/de\/wp-json\/wp\/v2\/pages\/2142\/revisions\/7653"}],"up":[{"embeddable":true,"href":"https:\/\/ergson.com\/de\/wp-json\/wp\/v2\/pages\/2141"}],"wp:attachment":[{"href":"https:\/\/ergson.com\/de\/wp-json\/wp\/v2\/media?parent=2142"}],"curies":[{"name":"wp","href":"https:\/\/api.w.org\/{rel}","templated":true}]}}