{"id":4726,"date":"2022-06-20T23:10:41","date_gmt":"2022-06-20T21:10:41","guid":{"rendered":"http:\/\/industrial-automation.biz\/?page_id=4726"},"modified":"2022-09-29T17:49:14","modified_gmt":"2022-09-29T15:49:14","slug":"electronic-units","status":"publish","type":"page","link":"https:\/\/ergson.com\/de\/grain-management\/electronic-units\/","title":{"rendered":"Elektronische Ger\u00e4te"},"content":{"rendered":"<div data-elementor-type=\"wp-page\" data-elementor-id=\"4726\" class=\"elementor elementor-4726\">\n\t\t\t\t\t\t<section class=\"elementor-section elementor-top-section elementor-element elementor-element-61e9c42 elementor-section-height-min-height elementor-section-boxed elementor-section-height-default elementor-section-items-middle\" data-id=\"61e9c42\" data-element_type=\"section\" data-e-type=\"section\" data-settings=\"{&quot;background_background&quot;:&quot;classic&quot;}\">\n\t\t\t\t\t\t\t<div class=\"elementor-background-overlay\"><\/div>\n\t\t\t\t\t\t\t<div class=\"elementor-container elementor-column-gap-no\">\n\t\t\t\t\t<div class=\"elementor-column elementor-col-100 elementor-top-column elementor-element elementor-element-34fb0e0\" data-id=\"34fb0e0\" data-element_type=\"column\" data-e-type=\"column\" data-settings=\"{&quot;background_background&quot;:&quot;classic&quot;}\">\n\t\t\t<div class=\"elementor-widget-wrap elementor-element-populated\">\n\t\t\t\t\t\t<div class=\"elementor-element elementor-element-db68d31 elementor-widget elementor-widget-heading\" data-id=\"db68d31\" data-element_type=\"widget\" data-e-type=\"widget\" data-widget_type=\"heading.default\">\n\t\t\t\t<div class=\"elementor-widget-container\">\n\t\t\t\t\t<h1 class=\"elementor-heading-title elementor-size-default\">Elektronische Ger\u00e4te<\/h1>\t\t\t\t<\/div>\n\t\t\t\t<\/div>\n\t\t\t\t\t<\/div>\n\t\t<\/div>\n\t\t\t\t\t<\/div>\n\t\t<\/section>\n\t\t\t\t<section class=\"elementor-section elementor-top-section elementor-element elementor-element-0e07ae2 elementor-section-content-middle elementor-section-boxed elementor-section-height-default elementor-section-height-default\" data-id=\"0e07ae2\" data-element_type=\"section\" data-e-type=\"section\">\n\t\t\t\t\t\t<div class=\"elementor-container elementor-column-gap-no\">\n\t\t\t\t\t<div class=\"elementor-column elementor-col-50 elementor-top-column elementor-element elementor-element-98f9e94\" data-id=\"98f9e94\" data-element_type=\"column\" data-e-type=\"column\">\n\t\t\t<div class=\"elementor-widget-wrap elementor-element-populated\">\n\t\t\t\t\t\t<div class=\"elementor-element elementor-element-df4a649 elementor-widget elementor-widget-heading\" data-id=\"df4a649\" data-element_type=\"widget\" data-e-type=\"widget\" data-widget_type=\"heading.default\">\n\t\t\t\t<div class=\"elementor-widget-container\">\n\t\t\t\t\t<h2 class=\"elementor-heading-title elementor-size-default\">Remote Terminal Unit - ERG T9<\/h2>\t\t\t\t<\/div>\n\t\t\t\t<\/div>\n\t\t\t\t<div class=\"elementor-element elementor-element-bf6d5ff elementor-widget-divider--view-line elementor-widget elementor-widget-divider\" data-id=\"bf6d5ff\" data-element_type=\"widget\" data-e-type=\"widget\" data-widget_type=\"divider.default\">\n\t\t\t\t<div class=\"elementor-widget-container\">\n\t\t\t\t\t\t\t<div class=\"elementor-divider\">\n\t\t\t<span class=\"elementor-divider-separator\">\n\t\t\t\t\t\t<\/span>\n\t\t<\/div>\n\t\t\t\t\t\t<\/div>\n\t\t\t\t<\/div>\n\t\t\t\t<div class=\"elementor-element elementor-element-f368676 elementor-widget elementor-widget-heading\" data-id=\"f368676\" data-element_type=\"widget\" data-e-type=\"widget\" data-widget_type=\"heading.default\">\n\t\t\t\t<div class=\"elementor-widget-container\">\n\t\t\t\t\t<h4 class=\"elementor-heading-title elementor-size-default\">Elektronische Getreidelager \u00dcberwachungsger\u00e4te<\/h4>\t\t\t\t<\/div>\n\t\t\t\t<\/div>\n\t\t\t\t<div class=\"elementor-element elementor-element-55aaae6 elementor-widget elementor-widget-text-editor\" data-id=\"55aaae6\" data-element_type=\"widget\" data-e-type=\"widget\" data-widget_type=\"text-editor.default\">\n\t\t\t\t<div class=\"elementor-widget-container\">\n\t\t\t\t\t\t\t\t\t<p style=\"font-size: 16px; font-style: normal; font-weight: 400;\" class=\"translation-block\">ERG T9 ist ein leistungsstarkes Remote Terminal Unit (RTU) das als Schnittstellenkonverter zu digitalen Sensoren und anderen Analog- oder Digitalsignalen dient.<\/p><h6 class=\"col-1\"><strong>Product Details:<\/strong><\/h6><div id=\"wb_Text6\"><p><span class=\"Text\">Das RTU Erg T9 von Ergson kann an das standard LAN System via modbusRTU und TCP\/IP Ethernet angeschlossen werden. I2C, SPI, rs232, rs485, USB, Ethernet und Wireless- Schnittstellen machen es zu einem einzigartigen und idealen Signalwandler zwischen den Sensoren im Getreidesilo und PC SCADA System. <\/span>I2C, SPI, rs232, rs485, USB, ethernet and wireless interfaces make it a unique equipment ideal as a signal converter between site sensors and PC SCADA systems.<\/p><p>Das RTU ist f\u00fcr die Anwendung mit verschiedenen industriellen digitalen oder analogen Temperatur- und Feuchtigkeitssensoren entwickelt.<\/p><ul><li>Breiter Spannungsversorgungsbereich (10 VDC - 30 VDC)<\/li><li>Eigenst\u00e4ndiges System vor Ort bei der Anlage mit integrierten Alarmen und Steuerung<\/li><li>Einfacher Anschluss zum PC oder Handheld-Terminal. Die gemessenen Daten werden \u00fcber die Schnittstellenausg\u00e4nge  I2C, SPI, serieller bus, Ethernet, USB gelesen<\/li><li>Kommunikation mit Hauptzentrale (Master Station) f\u00fcr SCADA-Anwendungen<\/li><li>Einfache Wartung durch LED Signale an der Leiterplatte<\/li><li>Einfache Integration in kundenspezifische Anwendungen durch die Konfigurationssoftware<\/li><li>Vollst\u00e4ndig isolierte Schnittstellen, um Erdschleifen zu vermeiden<\/li><li>Frei programmierbar, ferngesteuert und einfache Updates der neuesten Firmware<\/li><\/ul><h6 class=\"col-1\"><strong>Datenblatt Download:<\/strong><\/h6><p><a href=\"https:\/\/ergson.com\/wp-content\/uploads\/2022\/07\/ERG-T9-RTU-Data-Sheet-Ergson-Grainmanagement.pdf\" target=\"_blank\" rel=\"noopener\" data-wp-editing=\"1\"><img decoding=\"async\" class=\"wp-image-2595\" style=\"font-style: inherit; font-weight: bold;\" src=\"https:\/\/ergson.com\/wp-content\/uploads\/2021\/12\/PDF_Icon.jpg\" alt=\"PDF Icon\" width=\"27\" height=\"31\" \/> Ergson RTU ERG T9 Datenblatt<\/a><\/p><\/div>\t\t\t\t\t\t\t\t<\/div>\n\t\t\t\t<\/div>\n\t\t\t\t\t<\/div>\n\t\t<\/div>\n\t\t\t\t<div class=\"elementor-column elementor-col-50 elementor-top-column elementor-element elementor-element-87197ed\" data-id=\"87197ed\" data-element_type=\"column\" data-e-type=\"column\">\n\t\t\t<div class=\"elementor-widget-wrap elementor-element-populated\">\n\t\t\t\t\t\t<div class=\"elementor-element elementor-element-4dc77b3 elementor-widget elementor-widget-image\" data-id=\"4dc77b3\" data-element_type=\"widget\" data-e-type=\"widget\" data-widget_type=\"image.default\">\n\t\t\t\t<div class=\"elementor-widget-container\">\n\t\t\t\t\t\t\t\t\t\t\t\t\t\t\t<img fetchpriority=\"high\" decoding=\"async\" width=\"455\" height=\"341\" src=\"https:\/\/ergson.com\/wp-content\/uploads\/2022\/06\/RTU-silo-installation-automation.jpg\" class=\"attachment-medium_large size-medium_large wp-image-4828\" alt=\"automated grain handling\" srcset=\"https:\/\/ergson.com\/wp-content\/uploads\/2022\/06\/RTU-silo-installation-automation.jpg 455w, https:\/\/ergson.com\/wp-content\/uploads\/2022\/06\/RTU-silo-installation-automation-300x225.jpg 300w, https:\/\/ergson.com\/wp-content\/uploads\/2022\/06\/RTU-silo-installation-automation-16x12.jpg 16w\" sizes=\"(max-width: 455px) 100vw, 455px\" \/>\t\t\t\t\t\t\t\t\t\t\t\t\t\t\t<\/div>\n\t\t\t\t<\/div>\n\t\t\t\t<div class=\"elementor-element elementor-element-58cfd68 elementor-widget elementor-widget-image\" data-id=\"58cfd68\" data-element_type=\"widget\" data-e-type=\"widget\" data-widget_type=\"image.default\">\n\t\t\t\t<div class=\"elementor-widget-container\">\n\t\t\t\t\t\t\t\t\t\t\t\t\t\t\t<img decoding=\"async\" width=\"455\" height=\"341\" src=\"https:\/\/ergson.com\/wp-content\/uploads\/2022\/06\/remote-terminal-unit-product.jpg\" class=\"attachment-large size-large wp-image-4829\" alt=\"Electronic grain bin monitoring equipment\" srcset=\"https:\/\/ergson.com\/wp-content\/uploads\/2022\/06\/remote-terminal-unit-product.jpg 455w, https:\/\/ergson.com\/wp-content\/uploads\/2022\/06\/remote-terminal-unit-product-300x225.jpg 300w, https:\/\/ergson.com\/wp-content\/uploads\/2022\/06\/remote-terminal-unit-product-16x12.jpg 16w\" sizes=\"(max-width: 455px) 100vw, 455px\" \/>\t\t\t\t\t\t\t\t\t\t\t\t\t\t\t<\/div>\n\t\t\t\t<\/div>\n\t\t\t\t\t<\/div>\n\t\t<\/div>\n\t\t\t\t\t<\/div>\n\t\t<\/section>\n\t\t\t\t<section class=\"elementor-section elementor-top-section elementor-element elementor-element-0c12be6 elementor-section-content-middle elementor-section-boxed elementor-section-height-default elementor-section-height-default\" data-id=\"0c12be6\" data-element_type=\"section\" data-e-type=\"section\">\n\t\t\t\t\t\t<div class=\"elementor-container elementor-column-gap-no\">\n\t\t\t\t\t<div class=\"elementor-column elementor-col-50 elementor-top-column elementor-element elementor-element-56a6c45\" data-id=\"56a6c45\" data-element_type=\"column\" data-e-type=\"column\">\n\t\t\t<div class=\"elementor-widget-wrap elementor-element-populated\">\n\t\t\t\t\t\t<div class=\"elementor-element elementor-element-43aace3 elementor-widget elementor-widget-heading\" data-id=\"43aace3\" data-element_type=\"widget\" data-e-type=\"widget\" data-widget_type=\"heading.default\">\n\t\t\t\t<div class=\"elementor-widget-container\">\n\t\t\t\t\t<h2 class=\"elementor-heading-title elementor-size-default\">E\/A - Modul<\/h2>\t\t\t\t<\/div>\n\t\t\t\t<\/div>\n\t\t\t\t<div class=\"elementor-element elementor-element-b83d295 elementor-widget-divider--view-line elementor-widget elementor-widget-divider\" data-id=\"b83d295\" data-element_type=\"widget\" data-e-type=\"widget\" data-widget_type=\"divider.default\">\n\t\t\t\t<div class=\"elementor-widget-container\">\n\t\t\t\t\t\t\t<div class=\"elementor-divider\">\n\t\t\t<span class=\"elementor-divider-separator\">\n\t\t\t\t\t\t<\/span>\n\t\t<\/div>\n\t\t\t\t\t\t<\/div>\n\t\t\t\t<\/div>\n\t\t\t\t<div class=\"elementor-element elementor-element-8f2b076 elementor-widget elementor-widget-heading\" data-id=\"8f2b076\" data-element_type=\"widget\" data-e-type=\"widget\" data-widget_type=\"heading.default\">\n\t\t\t\t<div class=\"elementor-widget-container\">\n\t\t\t\t\t<h4 class=\"elementor-heading-title elementor-size-default\">Automatisierte Getreidelagerung und L\u00fcftersteuerung<\/h4>\t\t\t\t<\/div>\n\t\t\t\t<\/div>\n\t\t\t\t<div class=\"elementor-element elementor-element-ecf76c2 elementor-widget elementor-widget-text-editor\" data-id=\"ecf76c2\" data-element_type=\"widget\" data-e-type=\"widget\" data-widget_type=\"text-editor.default\">\n\t\t\t\t<div class=\"elementor-widget-container\">\n\t\t\t\t\t\t\t\t\t<p>Wir optimieren die Prozessabl\u00e4ufe der Siloanlage mit unseren automatisierten Technologien zur Getreidehandhabung. Das Eingangs- und Ausgangsrelaismodul stellt eine logische Verbindung zwischen den Peripherieger\u00e4ten her. Eing\u00e4nge und Ausg\u00e4nge werden gesteuert.<\/p><p>Ventilatoren, Trockner, K\u00fchler, F\u00f6rderanlagen, Schalter, Waagen, Be- und Entladevorg\u00e4nge k\u00f6nnen logisch verkn\u00fcpft und von einem Ger\u00e4t aus gesteuert werden. Getreidebehandlungsprozesse, wie zum Beispiel L\u00fcften, werden nur so lange betrieben wie n\u00f6tig. Dies spart Energie und schont die Umwelt.<\/p><p>Die Prozesse im Lagersystem werden automatisch gesteuert und das Getreide wird kontinuierlich \u00fcberwacht. Dies erm\u00f6glicht einen hohen Sicherheitsstandard und Qualit\u00e4tserhalt des Getreides. <a href=\"https:\/\/ergson.com\/de\/grain-management\/grain-bin-monitoring-systems\/grainmanager-desktop\/\">GrainManager Software<\/a> on a local desktop computer or remotely with our <a href=\"https:\/\/ergson.com\/de\/grain-management\/grain-bin-monitoring-systems\/grainmanager-web\/\">GrainManager Web<\/a> or mobile <a href=\"https:\/\/ergson.com\/de\/grain-management\/grain-bin-monitoring-systems\/grainmanager-app\/\">GrainManager App<\/a>. This ensures a high safety standard and quality preservation of the grain.<\/p><p><span style=\"text-decoration: underline;\"><a href=\"https:\/\/ergson.com\/de\/embedded-systems\/plc\/\"><strong>Erfahren Sie hier mehr \u00fcber das Ergson E7S PLC.<\/strong><\/a><\/span><\/p><h6><strong>Datenblatt Download:<\/strong><\/h6><p><a href=\"https:\/\/ergson.com\/wp-content\/uploads\/2022\/07\/E7S-PLC-data-sheet-ergson.pdf\" target=\"_blank\" rel=\"noopener\" data-wp-editing=\"1\"><img decoding=\"async\" class=\"wp-image-2595\" style=\"font-style: inherit; font-weight: bold;\" src=\"https:\/\/ergson.com\/wp-content\/uploads\/2021\/12\/PDF_Icon.jpg\" alt=\"PDF Icon\" width=\"27\" height=\"31\" \/> Ergson E7S E\/A Datenblatt<\/a><\/p>\t\t\t\t\t\t\t\t<\/div>\n\t\t\t\t<\/div>\n\t\t\t\t<div class=\"elementor-element elementor-element-d8abe64 elementor-mobile-align-left elementor-widget elementor-widget-button\" data-id=\"d8abe64\" data-element_type=\"widget\" data-e-type=\"widget\" data-widget_type=\"button.default\">\n\t\t\t\t<div class=\"elementor-widget-container\">\n\t\t\t\t\t\t\t\t\t<div class=\"elementor-button-wrapper\">\n\t\t\t\t\t<a class=\"elementor-button elementor-button-link elementor-size-sm\" href=\"https:\/\/ergson.com\/de\/embedded-systems\/plc\/\">\n\t\t\t\t\t\t<span class=\"elementor-button-content-wrapper\">\n\t\t\t\t\t\t\t\t\t<span class=\"elementor-button-text\">E\/A - Modul<\/span>\n\t\t\t\t\t<\/span>\n\t\t\t\t\t<\/a>\n\t\t\t\t<\/div>\n\t\t\t\t\t\t\t\t<\/div>\n\t\t\t\t<\/div>\n\t\t\t\t\t<\/div>\n\t\t<\/div>\n\t\t\t\t<div class=\"elementor-column elementor-col-50 elementor-top-column elementor-element elementor-element-d5f9170\" data-id=\"d5f9170\" data-element_type=\"column\" data-e-type=\"column\">\n\t\t\t<div class=\"elementor-widget-wrap elementor-element-populated\">\n\t\t\t\t\t\t<div class=\"elementor-element elementor-element-1ec66c4 elementor-widget elementor-widget-image\" data-id=\"1ec66c4\" data-element_type=\"widget\" data-e-type=\"widget\" data-widget_type=\"image.default\">\n\t\t\t\t<div class=\"elementor-widget-container\">\n\t\t\t\t\t\t\t\t\t\t\t\t\t\t\t<img loading=\"lazy\" decoding=\"async\" width=\"768\" height=\"458\" src=\"https:\/\/ergson.com\/wp-content\/uploads\/2022\/06\/e7s-plc-ergson-product-side-view-1-768x458.jpeg\" class=\"attachment-medium_large size-medium_large wp-image-4187\" alt=\"Programmable Logic Controller Ergson E7S for grain bin fan control\" srcset=\"https:\/\/ergson.com\/wp-content\/uploads\/2022\/06\/e7s-plc-ergson-product-side-view-1-768x458.jpeg 768w, https:\/\/ergson.com\/wp-content\/uploads\/2022\/06\/e7s-plc-ergson-product-side-view-1-300x179.jpeg 300w, https:\/\/ergson.com\/wp-content\/uploads\/2022\/06\/e7s-plc-ergson-product-side-view-1.jpeg 900w\" sizes=\"(max-width: 768px) 100vw, 768px\" \/>\t\t\t\t\t\t\t\t\t\t\t\t\t\t\t<\/div>\n\t\t\t\t<\/div>\n\t\t\t\t\t<\/div>\n\t\t<\/div>\n\t\t\t\t\t<\/div>\n\t\t<\/section>\n\t\t\t\t<\/div>","protected":false},"excerpt":{"rendered":"<p>Electronic Units Remote Terminal Unit &#8211; ERG T9 Electronic Grain Bin Monitoring Equipment &#8211; Signal Converter The\u00a0 ERG\u00a0 T9\u00a0 is\u00a0 a\u00a0 strong\u00a0 Remote Terminal Unit (RTU) operating as an interface converter to digital sensors and other analog or digital signals. It is a unique electronic grain bin monitoring equipment ideal as a signal converter between [&hellip;]<\/p>\n","protected":false},"author":1,"featured_media":0,"parent":4721,"menu_order":0,"comment_status":"closed","ping_status":"closed","template":"","meta":{"site-sidebar-layout":"no-sidebar","site-content-layout":"page-builder","ast-site-content-layout":"default","site-content-style":"default","site-sidebar-style":"default","ast-global-header-display":"","ast-banner-title-visibility":"","ast-main-header-display":"","ast-hfb-above-header-display":"","ast-hfb-below-header-display":"","ast-hfb-mobile-header-display":"","site-post-title":"disabled","ast-breadcrumbs-content":"","ast-featured-img":"disabled","footer-sml-layout":"","ast-disable-related-posts":"","theme-transparent-header-meta":"","adv-header-id-meta":"","stick-header-meta":"","header-above-stick-meta":"","header-main-stick-meta":"","header-below-stick-meta":"","astra-migrate-meta-layouts":"default","ast-page-background-enabled":"default","ast-page-background-meta":{"desktop":{"background-color":"","background-image":"","background-repeat":"repeat","background-position":"center center","background-size":"auto","background-attachment":"scroll","background-type":"","background-media":"","overlay-type":"","overlay-color":"","overlay-opacity":"","overlay-gradient":""},"tablet":{"background-color":"","background-image":"","background-repeat":"repeat","background-position":"center center","background-size":"auto","background-attachment":"scroll","background-type":"","background-media":"","overlay-type":"","overlay-color":"","overlay-opacity":"","overlay-gradient":""},"mobile":{"background-color":"","background-image":"","background-repeat":"repeat","background-position":"center center","background-size":"auto","background-attachment":"scroll","background-type":"","background-media":"","overlay-type":"","overlay-color":"","overlay-opacity":"","overlay-gradient":""}},"ast-content-background-meta":{"desktop":{"background-color":"var(--ast-global-color-5)","background-image":"","background-repeat":"repeat","background-position":"center center","background-size":"auto","background-attachment":"scroll","background-type":"","background-media":"","overlay-type":"","overlay-color":"","overlay-opacity":"","overlay-gradient":""},"tablet":{"background-color":"var(--ast-global-color-5)","background-image":"","background-repeat":"repeat","background-position":"center center","background-size":"auto","background-attachment":"scroll","background-type":"","background-media":"","overlay-type":"","overlay-color":"","overlay-opacity":"","overlay-gradient":""},"mobile":{"background-color":"var(--ast-global-color-5)","background-image":"","background-repeat":"repeat","background-position":"center center","background-size":"auto","background-attachment":"scroll","background-type":"","background-media":"","overlay-type":"","overlay-color":"","overlay-opacity":"","overlay-gradient":""}},"footnotes":""},"class_list":["post-4726","page","type-page","status-publish","hentry"],"_links":{"self":[{"href":"https:\/\/ergson.com\/de\/wp-json\/wp\/v2\/pages\/4726","targetHints":{"allow":["GET"]}}],"collection":[{"href":"https:\/\/ergson.com\/de\/wp-json\/wp\/v2\/pages"}],"about":[{"href":"https:\/\/ergson.com\/de\/wp-json\/wp\/v2\/types\/page"}],"author":[{"embeddable":true,"href":"https:\/\/ergson.com\/de\/wp-json\/wp\/v2\/users\/1"}],"replies":[{"embeddable":true,"href":"https:\/\/ergson.com\/de\/wp-json\/wp\/v2\/comments?post=4726"}],"version-history":[{"count":33,"href":"https:\/\/ergson.com\/de\/wp-json\/wp\/v2\/pages\/4726\/revisions"}],"predecessor-version":[{"id":7162,"href":"https:\/\/ergson.com\/de\/wp-json\/wp\/v2\/pages\/4726\/revisions\/7162"}],"up":[{"embeddable":true,"href":"https:\/\/ergson.com\/de\/wp-json\/wp\/v2\/pages\/4721"}],"wp:attachment":[{"href":"https:\/\/ergson.com\/de\/wp-json\/wp\/v2\/media?parent=4726"}],"curies":[{"name":"wp","href":"https:\/\/api.w.org\/{rel}","templated":true}]}}